{"id":119,"date":"2018-10-17T13:42:29","date_gmt":"2018-10-17T11:42:29","guid":{"rendered":"http:\/\/larevanchedesharicots.com\/?page_id=119"},"modified":"2019-04-24T21:05:04","modified_gmt":"2019-04-24T19:05:04","slug":"quest-ce-que-la-naturopathie","status":"publish","type":"page","link":"https:\/\/larevanchedesharicots.com\/index.php\/la-naturopathie\/quest-ce-que-la-naturopathie\/","title":{"rendered":"Qu&#8217;est ce que la naturopathie ?"},"content":{"rendered":"<p><strong>Mais c&#8217;est quoi la naturopathie au juste ?\u00a0<\/strong>\ud83c\udf31<\/p>\n<p class=\"p1\">La Naturopathie est une m\u00e9decine traditionnelle et non conventionnelle, class\u00e9e par l\u2019OMS, au 3\u00e8me rang des m\u00e9decines traditionnelles derri\u00e8re la M\u00e9decine Traditionnelle Chinoise (MTC) et l\u2019Ayurv\u00e9da. Elle s\u2019inspire des grands principes hippocratiques et s\u2019est donn\u00e9e pour objectif, la sant\u00e9 et le bien-\u00eatre. Elle consiste \u00e0 renforcer les r\u00e9actions de d\u00e9fense de l\u2019organisme par diverses mesures d\u2019hygi\u00e8ne (les 10 techniques) aid\u00e9es par des agents naturels.<\/p>\n<p class=\"p1\"><strong>Sa doctrine : le vitalisme<\/strong>, en clair le pouvoir de gu\u00e9rison de la nature. Le naturopathie est exerc\u00e9e par un naturopathe qui est une sorte d&#8217;\u00e9ducateur de sant\u00e9, qui s\u2019attache \u00e0 traiter les causes et \u00e0 aider le corps \u00e0 retrouver un \u00e9quilibre propice \u00e0 l\u2019auto-gu\u00e9rison en utilisant diverses pratiques naturelles.<\/p>\n<p><strong>\u00c0 qui s\u2019adresse la naturopathie ?\u00a0<\/strong>\ud83c\udf3f<\/p>\n<p><em>La naturopathie s\u2019adresse \u00e0 toute personne qui d\u00e9sire prendre sa sant\u00e9 en main et qui en a assez d\u2019avoir des malaises sans comprendre pourquoi.<br \/>\n<\/em><br \/>\n<strong>Voici quelques exemples :<\/strong><br \/>\nInfertilit\u00e9,<br \/>\nSyndrome pr\u00e9menstruel<br \/>\nD\u00e9sintoxication<br \/>\nD\u00e9sordre menstruel<br \/>\nSympt\u00f4mes de m\u00e9nopause<br \/>\nArthrite, arthrose, rhumatisme et toutes douleurs articulaires<br \/>\nTroubles digestifs (ballonnements, gaz, mauvaise haleine, rots&#8230;.)<br \/>\nSyndrome de l&#8217;intestin irritable (SII, Maladie de Crohn, Maladie coeliaque&#8230;)<br \/>\nConstipation<br \/>\nMaux de t\u00eate, migraines<br \/>\nProbl\u00e8mes de thyro\u00efde<br \/>\nFatigue<br \/>\nHypoglyc\u00e9mie, diab\u00e8te<br \/>\nAcn\u00e9, ecz\u00e9ma, psoriasis, allergies de contact<br \/>\nAn\u00e9mie<br \/>\nUlc\u00e8res et br\u00fblures d\u2019estomac<br \/>\nAnxi\u00e9t\u00e9, stress, irritabilit\u00e9<br \/>\nInfections \u00e0 r\u00e9p\u00e9tition<br \/>\nAsthme, allergies<br \/>\nProbl\u00e8mes de sant\u00e9 chez les enfants (otites, amygdalites, renforcement du syst\u00e8me immunitaire, rhume, hyperactivit\u00e9, etc.)<br \/>\nEffets secondaires ind\u00e9sirables de certains m\u00e9dicaments lors de traitement lourd<\/p>\n<p>J&#8217;ai \u00e9cris un article &#8220;mise au point&#8221; <a href=\"http:\/\/larevanchedesharicots.com\/index.php\/2018\/11\/29\/mise-au-point-sur-la-naturopathie\/\">ici<\/a>.<\/p>\n<p><img loading=\"lazy\" decoding=\"async\" class=\"alignnone size-medium wp-image-275\" src=\"http:\/\/larevanchedesharicots.com\/wp-content\/uploads\/2018\/10\/feuilles-300x23.png\" alt=\"\" width=\"300\" height=\"23\" srcset=\"https:\/\/larevanchedesharicots.com\/wp-content\/uploads\/2018\/10\/feuilles-300x23.png 300w, https:\/\/larevanchedesharicots.com\/wp-content\/uploads\/2018\/10\/feuilles.png 724w\" sizes=\"auto, (max-width: 300px) 100vw, 300px\" \/><\/p>\n<p><em>La naturopathie contribue ainsi \u00e0 la promotion d\u2019une sant\u00e9 globale et durable, qui ne se substitue jamais \u00e0 la m\u00e9decine conventionnelle mais \u00a0la compl\u00e8te, elle s\u2019inscrit en parfaite compl\u00e9mentarit\u00e9 avec les autres pratiques sanitaires, m\u00e9dicales et\/ou param\u00e9dicales.<\/em><\/p>\n","protected":false},"excerpt":{"rendered":"<p>Mais c&#8217;est quoi la naturopathie au juste ?\u00a0\ud83c\udf31 La Naturopathie est une m\u00e9decine traditionnelle et non conventionnelle, class\u00e9e par l\u2019OMS, au 3\u00e8me rang des m\u00e9decines traditionnelles derri\u00e8re la M\u00e9decine Traditionnelle Chinoise (MTC) et l\u2019Ayurv\u00e9da. Elle s\u2019inspire des grands principes hippocratiques et s\u2019est donn\u00e9e pour objectif, la sant\u00e9 et le bien-\u00eatre. Elle consiste \u00e0 renforcer les r\u00e9actions de d\u00e9fense de l\u2019organisme par diverses mesures d\u2019hygi\u00e8ne (les 10 techniques) aid\u00e9es par des agents naturels. Sa doctrine : le vitalisme, en clair le pouvoir de gu\u00e9rison de la nature. Le naturopathie est exerc\u00e9e par un naturopathe qui est une sorte d&#8217;\u00e9ducateur de sant\u00e9, qui s\u2019attache \u00e0 traiter les causes et \u00e0 aider le corps \u00e0 retrouver un \u00e9quilibre propice \u00e0 l\u2019auto-gu\u00e9rison en utilisant diverses pratiques naturelles. \u00c0 qui s\u2019adresse la naturopathie ?\u00a0\ud83c\udf3f La naturopathie s\u2019adresse \u00e0 toute personne qui d\u00e9sire prendre sa sant\u00e9 en main et qui en a assez d\u2019avoir des malaises sans comprendre pourquoi. Voici quelques exemples : Infertilit\u00e9, Syndrome pr\u00e9menstruel D\u00e9sintoxication D\u00e9sordre menstruel Sympt\u00f4mes de m\u00e9nopause Arthrite, arthrose, rhumatisme et toutes douleurs articulaires Troubles digestifs (ballonnements, gaz, mauvaise haleine, rots&#8230;.) Syndrome de l&#8217;intestin irritable (SII, Maladie de Crohn, Maladie coeliaque&#8230;) Constipation Maux de t\u00eate, migraines Probl\u00e8mes de thyro\u00efde Fatigue Hypoglyc\u00e9mie, [&hellip;]<\/p>\n","protected":false},"author":3,"featured_media":0,"parent":117,"menu_order":0,"comment_status":"closed","ping_status":"closed","template":"","meta":{"wprm-recipe-roundup-name":"","wprm-recipe-roundup-description":"","footnotes":""},"class_list":["post-119","page","type-page","status-publish","hentry"],"yoast_head":"<!-- This site is optimized with the Yoast SEO plugin v24.7 - https:\/\/yoast.com\/wordpress\/plugins\/seo\/ -->\n<title>Qu&#039;est ce que la naturopathie ? - La revanche des haricots<\/title>\n<meta name=\"description\" content=\"La naturopathie s\u2019adresse \u00e0 toute personne qui d\u00e9sire prendre sa sant\u00e9 en main et qui en a assez d\u2019avoir des malaises sans comprendre pourquoi.\" \/>\n<meta name=\"robots\" content=\"index, follow, max-snippet:-1, max-image-preview:large, max-video-preview:-1\" \/>\n<link rel=\"canonical\" href=\"https:\/\/larevanchedesharicots.com\/index.php\/la-naturopathie\/quest-ce-que-la-naturopathie\/\" \/>\n<meta property=\"og:locale\" content=\"fr_FR\" \/>\n<meta property=\"og:type\" content=\"article\" \/>\n<meta property=\"og:title\" content=\"Qu&#039;est ce que la naturopathie ? - La revanche des haricots\" \/>\n<meta property=\"og:description\" content=\"La naturopathie s\u2019adresse \u00e0 toute personne qui d\u00e9sire prendre sa sant\u00e9 en main et qui en a assez d\u2019avoir des malaises sans comprendre pourquoi.\" \/>\n<meta property=\"og:url\" content=\"https:\/\/larevanchedesharicots.com\/index.php\/la-naturopathie\/quest-ce-que-la-naturopathie\/\" \/>\n<meta property=\"og:site_name\" content=\"La revanche des haricots\" \/>\n<meta property=\"article:modified_time\" content=\"2019-04-24T19:05:04+00:00\" \/>\n<meta property=\"og:image\" content=\"https:\/\/larevanchedesharicots.com\/wp-content\/uploads\/2018\/10\/feuilles.png\" \/>\n\t<meta property=\"og:image:width\" content=\"724\" \/>\n\t<meta property=\"og:image:height\" content=\"56\" \/>\n\t<meta property=\"og:image:type\" content=\"image\/png\" \/>\n<meta name=\"twitter:card\" content=\"summary_large_image\" \/>\n<meta name=\"twitter:label1\" content=\"Dur\u00e9e de lecture estim\u00e9e\" \/>\n\t<meta name=\"twitter:data1\" content=\"2 minutes\" \/>\n<script type=\"application\/ld+json\" class=\"yoast-schema-graph\">{\"@context\":\"https:\/\/schema.org\",\"@graph\":[{\"@type\":\"WebPage\",\"@id\":\"https:\/\/larevanchedesharicots.com\/index.php\/la-naturopathie\/quest-ce-que-la-naturopathie\/\",\"url\":\"https:\/\/larevanchedesharicots.com\/index.php\/la-naturopathie\/quest-ce-que-la-naturopathie\/\",\"name\":\"Qu'est ce que la naturopathie ? - La revanche des haricots\",\"isPartOf\":{\"@id\":\"https:\/\/larevanchedesharicots.com\/#website\"},\"primaryImageOfPage\":{\"@id\":\"https:\/\/larevanchedesharicots.com\/index.php\/la-naturopathie\/quest-ce-que-la-naturopathie\/#primaryimage\"},\"image\":{\"@id\":\"https:\/\/larevanchedesharicots.com\/index.php\/la-naturopathie\/quest-ce-que-la-naturopathie\/#primaryimage\"},\"thumbnailUrl\":\"http:\/\/larevanchedesharicots.com\/wp-content\/uploads\/2018\/10\/feuilles-300x23.png\",\"datePublished\":\"2018-10-17T11:42:29+00:00\",\"dateModified\":\"2019-04-24T19:05:04+00:00\",\"description\":\"La naturopathie s\u2019adresse \u00e0 toute personne qui d\u00e9sire prendre sa sant\u00e9 en main et qui en a assez d\u2019avoir des malaises sans comprendre pourquoi.\",\"breadcrumb\":{\"@id\":\"https:\/\/larevanchedesharicots.com\/index.php\/la-naturopathie\/quest-ce-que-la-naturopathie\/#breadcrumb\"},\"inLanguage\":\"fr-FR\",\"potentialAction\":[{\"@type\":\"ReadAction\",\"target\":[\"https:\/\/larevanchedesharicots.com\/index.php\/la-naturopathie\/quest-ce-que-la-naturopathie\/\"]}]},{\"@type\":\"ImageObject\",\"inLanguage\":\"fr-FR\",\"@id\":\"https:\/\/larevanchedesharicots.com\/index.php\/la-naturopathie\/quest-ce-que-la-naturopathie\/#primaryimage\",\"url\":\"https:\/\/larevanchedesharicots.com\/wp-content\/uploads\/2018\/10\/feuilles.png\",\"contentUrl\":\"https:\/\/larevanchedesharicots.com\/wp-content\/uploads\/2018\/10\/feuilles.png\",\"width\":724,\"height\":56},{\"@type\":\"BreadcrumbList\",\"@id\":\"https:\/\/larevanchedesharicots.com\/index.php\/la-naturopathie\/quest-ce-que-la-naturopathie\/#breadcrumb\",\"itemListElement\":[{\"@type\":\"ListItem\",\"position\":1,\"name\":\"Accueil\",\"item\":\"https:\/\/larevanchedesharicots.com\/\"},{\"@type\":\"ListItem\",\"position\":2,\"name\":\"La naturopathie\",\"item\":\"https:\/\/larevanchedesharicots.com\/index.php\/la-naturopathie\/\"},{\"@type\":\"ListItem\",\"position\":3,\"name\":\"Qu&rsquo;est ce que la naturopathie ?\"}]},{\"@type\":\"WebSite\",\"@id\":\"https:\/\/larevanchedesharicots.com\/#website\",\"url\":\"https:\/\/larevanchedesharicots.com\/\",\"name\":\"La revanche des haricots\",\"description\":\"Recettes saines, bien-\u00eatre, naturo et lifestyle\",\"potentialAction\":[{\"@type\":\"SearchAction\",\"target\":{\"@type\":\"EntryPoint\",\"urlTemplate\":\"https:\/\/larevanchedesharicots.com\/?s={search_term_string}\"},\"query-input\":{\"@type\":\"PropertyValueSpecification\",\"valueRequired\":true,\"valueName\":\"search_term_string\"}}],\"inLanguage\":\"fr-FR\"}]}<\/script>\n<!-- \/ Yoast SEO plugin. -->","yoast_head_json":{"title":"Qu'est ce que la naturopathie ? - La revanche des haricots","description":"La naturopathie s\u2019adresse \u00e0 toute personne qui d\u00e9sire prendre sa sant\u00e9 en main et qui en a assez d\u2019avoir des malaises sans comprendre pourquoi.","robots":{"index":"index","follow":"follow","max-snippet":"max-snippet:-1","max-image-preview":"max-image-preview:large","max-video-preview":"max-video-preview:-1"},"canonical":"https:\/\/larevanchedesharicots.com\/index.php\/la-naturopathie\/quest-ce-que-la-naturopathie\/","og_locale":"fr_FR","og_type":"article","og_title":"Qu'est ce que la naturopathie ? - La revanche des haricots","og_description":"La naturopathie s\u2019adresse \u00e0 toute personne qui d\u00e9sire prendre sa sant\u00e9 en main et qui en a assez d\u2019avoir des malaises sans comprendre pourquoi.","og_url":"https:\/\/larevanchedesharicots.com\/index.php\/la-naturopathie\/quest-ce-que-la-naturopathie\/","og_site_name":"La revanche des haricots","article_modified_time":"2019-04-24T19:05:04+00:00","og_image":[{"width":724,"height":56,"url":"https:\/\/larevanchedesharicots.com\/wp-content\/uploads\/2018\/10\/feuilles.png","type":"image\/png"}],"twitter_card":"summary_large_image","twitter_misc":{"Dur\u00e9e de lecture estim\u00e9e":"2 minutes"},"schema":{"@context":"https:\/\/schema.org","@graph":[{"@type":"WebPage","@id":"https:\/\/larevanchedesharicots.com\/index.php\/la-naturopathie\/quest-ce-que-la-naturopathie\/","url":"https:\/\/larevanchedesharicots.com\/index.php\/la-naturopathie\/quest-ce-que-la-naturopathie\/","name":"Qu'est ce que la naturopathie ? - La revanche des haricots","isPartOf":{"@id":"https:\/\/larevanchedesharicots.com\/#website"},"primaryImageOfPage":{"@id":"https:\/\/larevanchedesharicots.com\/index.php\/la-naturopathie\/quest-ce-que-la-naturopathie\/#primaryimage"},"image":{"@id":"https:\/\/larevanchedesharicots.com\/index.php\/la-naturopathie\/quest-ce-que-la-naturopathie\/#primaryimage"},"thumbnailUrl":"http:\/\/larevanchedesharicots.com\/wp-content\/uploads\/2018\/10\/feuilles-300x23.png","datePublished":"2018-10-17T11:42:29+00:00","dateModified":"2019-04-24T19:05:04+00:00","description":"La naturopathie s\u2019adresse \u00e0 toute personne qui d\u00e9sire prendre sa sant\u00e9 en main et qui en a assez d\u2019avoir des malaises sans comprendre pourquoi.","breadcrumb":{"@id":"https:\/\/larevanchedesharicots.com\/index.php\/la-naturopathie\/quest-ce-que-la-naturopathie\/#breadcrumb"},"inLanguage":"fr-FR","potentialAction":[{"@type":"ReadAction","target":["https:\/\/larevanchedesharicots.com\/index.php\/la-naturopathie\/quest-ce-que-la-naturopathie\/"]}]},{"@type":"ImageObject","inLanguage":"fr-FR","@id":"https:\/\/larevanchedesharicots.com\/index.php\/la-naturopathie\/quest-ce-que-la-naturopathie\/#primaryimage","url":"https:\/\/larevanchedesharicots.com\/wp-content\/uploads\/2018\/10\/feuilles.png","contentUrl":"https:\/\/larevanchedesharicots.com\/wp-content\/uploads\/2018\/10\/feuilles.png","width":724,"height":56},{"@type":"BreadcrumbList","@id":"https:\/\/larevanchedesharicots.com\/index.php\/la-naturopathie\/quest-ce-que-la-naturopathie\/#breadcrumb","itemListElement":[{"@type":"ListItem","position":1,"name":"Accueil","item":"https:\/\/larevanchedesharicots.com\/"},{"@type":"ListItem","position":2,"name":"La naturopathie","item":"https:\/\/larevanchedesharicots.com\/index.php\/la-naturopathie\/"},{"@type":"ListItem","position":3,"name":"Qu&rsquo;est ce que la naturopathie ?"}]},{"@type":"WebSite","@id":"https:\/\/larevanchedesharicots.com\/#website","url":"https:\/\/larevanchedesharicots.com\/","name":"La revanche des haricots","description":"Recettes saines, bien-\u00eatre, naturo et lifestyle","potentialAction":[{"@type":"SearchAction","target":{"@type":"EntryPoint","urlTemplate":"https:\/\/larevanchedesharicots.com\/?s={search_term_string}"},"query-input":{"@type":"PropertyValueSpecification","valueRequired":true,"valueName":"search_term_string"}}],"inLanguage":"fr-FR"}]}},"_links":{"self":[{"href":"https:\/\/larevanchedesharicots.com\/index.php\/wp-json\/wp\/v2\/pages\/119","targetHints":{"allow":["GET"]}}],"collection":[{"href":"https:\/\/larevanchedesharicots.com\/index.php\/wp-json\/wp\/v2\/pages"}],"about":[{"href":"https:\/\/larevanchedesharicots.com\/index.php\/wp-json\/wp\/v2\/types\/page"}],"author":[{"embeddable":true,"href":"https:\/\/larevanchedesharicots.com\/index.php\/wp-json\/wp\/v2\/users\/3"}],"replies":[{"embeddable":true,"href":"https:\/\/larevanchedesharicots.com\/index.php\/wp-json\/wp\/v2\/comments?post=119"}],"version-history":[{"count":10,"href":"https:\/\/larevanchedesharicots.com\/index.php\/wp-json\/wp\/v2\/pages\/119\/revisions"}],"predecessor-version":[{"id":1534,"href":"https:\/\/larevanchedesharicots.com\/index.php\/wp-json\/wp\/v2\/pages\/119\/revisions\/1534"}],"up":[{"embeddable":true,"href":"https:\/\/larevanchedesharicots.com\/index.php\/wp-json\/wp\/v2\/pages\/117"}],"wp:attachment":[{"href":"https:\/\/larevanchedesharicots.com\/index.php\/wp-json\/wp\/v2\/media?parent=119"}],"curies":[{"name":"wp","href":"https:\/\/api.w.org\/{rel}","templated":true}]}}